{"id":1453,"date":"2021-05-05T11:12:41","date_gmt":"2021-05-05T11:12:41","guid":{"rendered":"https:\/\/www.legallyselected.com\/drzewozycia\/?page_id=1453"},"modified":"2022-11-08T16:40:34","modified_gmt":"2022-11-08T16:40:34","slug":"kontakt","status":"publish","type":"page","link":"https:\/\/www.legallyselected.com\/drzewozycia\/kontakt\/","title":{"rendered":"Kontakt"},"content":{"rendered":"\t\t<div data-elementor-type=\"wp-page\" data-elementor-id=\"1453\" class=\"elementor elementor-1453\">\n\t\t\t\t\t\t<div class=\"elementor-inner\">\n\t\t\t\t<div class=\"elementor-section-wrap\">\n\t\t\t\t\t\t\t\t\t<section class=\"elementor-section elementor-top-section elementor-element elementor-element-4a0e999 elementor-section-boxed elementor-section-height-default elementor-section-height-default sc_fly_static\" data-id=\"4a0e999\" data-element_type=\"section\">\n\t\t\t\t\t\t<div class=\"elementor-container elementor-column-gap-extended\">\n\t\t\t\t\t\t\t<div class=\"elementor-row\">\n\t\t\t\t\t<div class=\"elementor-column elementor-col-100 elementor-top-column elementor-element elementor-element-565fafe sc_inner_width_none sc_content_align_inherit sc_layouts_column_icons_position_left sc_fly_static\" data-id=\"565fafe\" data-element_type=\"column\">\n\t\t\t<div class=\"elementor-column-wrap elementor-element-populated\">\n\t\t\t\t\t\t\t<div class=\"elementor-widget-wrap\">\n\t\t\t\t\t\t<div class=\"elementor-element elementor-element-d01cd3c sc_fly_static elementor-widget elementor-widget-trx_sc_icons\" data-id=\"d01cd3c\" data-element_type=\"widget\" data-widget_type=\"trx_sc_icons.default\">\n\t\t\t\t<div class=\"elementor-widget-container\">\n\t\t\t<div \tclass=\"sc_icons sc_icons_default sc_icons_size_large sc_align_center\" ><div class=\"sc_icons_item with_more\"><div class=\"sc_icons_icon sc_icon_type_ icon-church-2\" ><span class=\"sc_icon_type_ icon-church-2\"><\/span><\/div><div class=\"sc_icons_item_details\"><h4 class=\"sc_icons_item_title\"><span>Ko\u015bci\u00f3\u0142 Drzewo \u017bycia <\/span><span><\/span><span> ul. Wa\u0142owa 2\/4 <\/span><span><\/span><span> 33-100 Tarn\u00f3w<\/span><\/h4><\/div><\/div><\/div><!-- \/.sc_icons -->\t\t<\/div>\n\t\t\t\t<\/div>\n\t\t\t\t<div class=\"elementor-element elementor-element-5b0baa3 sc_fly_static elementor-widget elementor-widget-spacer\" data-id=\"5b0baa3\" data-element_type=\"widget\" data-widget_type=\"spacer.default\">\n\t\t\t\t<div class=\"elementor-widget-container\">\n\t\t\t\t\t<div class=\"elementor-spacer\">\n\t\t\t<div class=\"elementor-spacer-inner\"><\/div>\n\t\t<\/div>\n\t\t\t\t<\/div>\n\t\t\t\t<\/div>\n\t\t\t\t<div class=\"elementor-element elementor-element-a508615 sc_fly_static elementor-widget elementor-widget-trx_sc_icons\" data-id=\"a508615\" data-element_type=\"widget\" data-widget_type=\"trx_sc_icons.default\">\n\t\t\t\t<div class=\"elementor-widget-container\">\n\t\t\t<div \tclass=\"sc_icons sc_icons_default sc_icons_size_small sc_align_center\" ><div class=\"sc_icons_item with_more\"><div class=\"sc_icons_icon sc_icon_type_ icon-phone\" ><span class=\"sc_icon_type_ icon-phone\"><\/span><\/div><div class=\"sc_icons_item_details\"><h4 class=\"sc_icons_item_title\"><span>+48 602 579 105<\/span><\/h4><\/div><\/div><\/div><!-- \/.sc_icons -->\t\t<\/div>\n\t\t\t\t<\/div>\n\t\t\t\t<div class=\"elementor-element elementor-element-76d5412 sc_fly_static elementor-widget elementor-widget-spacer\" data-id=\"76d5412\" data-element_type=\"widget\" data-widget_type=\"spacer.default\">\n\t\t\t\t<div class=\"elementor-widget-container\">\n\t\t\t\t\t<div class=\"elementor-spacer\">\n\t\t\t<div class=\"elementor-spacer-inner\"><\/div>\n\t\t<\/div>\n\t\t\t\t<\/div>\n\t\t\t\t<\/div>\n\t\t\t\t<div class=\"elementor-element elementor-element-fae9712 sc_fly_static elementor-widget elementor-widget-trx_sc_icons\" data-id=\"fae9712\" data-element_type=\"widget\" data-widget_type=\"trx_sc_icons.default\">\n\t\t\t\t<div class=\"elementor-widget-container\">\n\t\t\t<div \tclass=\"sc_icons sc_icons_default sc_icons_size_small sc_align_center\" ><div class=\"sc_icons_item with_more\"><div class=\"sc_icons_icon sc_icon_type_ icon-path-6192\" ><span class=\"sc_icon_type_ icon-path-6192\"><\/span><\/div><div class=\"sc_icons_item_details\"><h4 class=\"sc_icons_item_title\"><span>biuro@drzewozycia.org.pl<\/span><\/h4><\/div><\/div><\/div><!-- \/.sc_icons -->\t\t<\/div>\n\t\t\t\t<\/div>\n\t\t\t\t<div class=\"elementor-element elementor-element-8111b8b sc_fly_static elementor-widget elementor-widget-spacer\" data-id=\"8111b8b\" data-element_type=\"widget\" data-widget_type=\"spacer.default\">\n\t\t\t\t<div class=\"elementor-widget-container\">\n\t\t\t\t\t<div class=\"elementor-spacer\">\n\t\t\t<div class=\"elementor-spacer-inner\"><\/div>\n\t\t<\/div>\n\t\t\t\t<\/div>\n\t\t\t\t<\/div>\n\t\t\t\t<div class=\"elementor-element elementor-element-bbd76f3 sc_fly_static elementor-widget elementor-widget-trx_sc_googlemap\" data-id=\"bbd76f3\" data-element_type=\"widget\" data-widget_type=\"trx_sc_googlemap.default\">\n\t\t\t\t<div class=\"elementor-widget-container\">\n\t\t\t<div id=\"sc_googlemap_1432164988_wrap\" class=\"sc_googlemap_wrap\"><div id=\"sc_googlemap_1432164988\"\t\t\tclass=\"sc_item_content sc_map sc_googlemap sc_googlemap_default trx_addons_inline_1774569481\"\n\t\t\t \t\t\tdata-zoom=\"16\"\n\t\t\tdata-center=\"51.499,-0.13\"\n\t\t\tdata-style=\"extra\"\n\t\t\tdata-cluster-icon=\"\"\n\t\t\t><iframe\n\t\t\t\t\t\tsrc=\"https:\/\/maps.google.com\/maps?t=m&output=embed&iwloc=near&z=16&q=Wa%C5%82owa+2%2F4%2C+33-100+Tarn%C3%B3w%2C+Poland\"\n\t\t\t\t\t\taria-label=\"\"><\/iframe><\/div><\/div>\t\t<\/div>\n\t\t\t\t<\/div>\n\t\t\t\t\t\t<\/div>\n\t\t\t\t\t<\/div>\n\t\t<\/div>\n\t\t\t\t\t\t\t\t<\/div>\n\t\t\t\t\t<\/div>\n\t\t<\/section>\n\t\t\t\t<section class=\"elementor-section elementor-top-section elementor-element elementor-element-2efbd6e3 scheme_default elementor-section-boxed elementor-section-height-default elementor-section-height-default sc_fly_static\" data-id=\"2efbd6e3\" data-element_type=\"section\" data-settings=\"{&quot;background_background&quot;:&quot;classic&quot;}\">\n\t\t\t\t\t\t<div class=\"elementor-container elementor-column-gap-extended\">\n\t\t\t\t\t\t\t<div class=\"elementor-row\">\n\t\t\t\t\t<div class=\"elementor-column elementor-col-100 elementor-top-column elementor-element elementor-element-3b232d81 sc_inner_width_none sc_content_align_inherit sc_layouts_column_icons_position_left sc_fly_static\" data-id=\"3b232d81\" data-element_type=\"column\" data-settings=\"{&quot;background_background&quot;:&quot;classic&quot;}\">\n\t\t\t<div class=\"elementor-column-wrap elementor-element-populated\">\n\t\t\t\t\t\t\t<div class=\"elementor-widget-wrap\">\n\t\t\t\t\t\t<div class=\"elementor-element elementor-element-e5e0434 sc_fly_static elementor-widget elementor-widget-spacer\" data-id=\"e5e0434\" data-element_type=\"widget\" data-widget_type=\"spacer.default\">\n\t\t\t\t<div class=\"elementor-widget-container\">\n\t\t\t\t\t<div class=\"elementor-spacer\">\n\t\t\t<div class=\"elementor-spacer-inner\"><\/div>\n\t\t<\/div>\n\t\t\t\t<\/div>\n\t\t\t\t<\/div>\n\t\t\t\t\t\t<\/div>\n\t\t\t\t\t<\/div>\n\t\t<\/div>\n\t\t\t\t\t\t\t\t<\/div>\n\t\t\t\t\t<\/div>\n\t\t<\/section>\n\t\t\t\t\t\t\t\t\t<\/div>\n\t\t\t<\/div>\n\t\t\t\t\t<\/div>\n\t\t","protected":false},"excerpt":{"rendered":"<p>Ko\u015bci\u00f3\u0142 Drzewo \u017bycia ul. Wa\u0142owa 2\/4 33-100 Tarn\u00f3w +48 602 579 105 biuro@drzewozycia.org.pl<\/p>\n","protected":false},"author":1,"featured_media":0,"parent":0,"menu_order":0,"comment_status":"closed","ping_status":"closed","template":"","meta":[],"_links":{"self":[{"href":"https:\/\/www.legallyselected.com\/drzewozycia\/wp-json\/wp\/v2\/pages\/1453"}],"collection":[{"href":"https:\/\/www.legallyselected.com\/drzewozycia\/wp-json\/wp\/v2\/pages"}],"about":[{"href":"https:\/\/www.legallyselected.com\/drzewozycia\/wp-json\/wp\/v2\/types\/page"}],"author":[{"embeddable":true,"href":"https:\/\/www.legallyselected.com\/drzewozycia\/wp-json\/wp\/v2\/users\/1"}],"replies":[{"embeddable":true,"href":"https:\/\/www.legallyselected.com\/drzewozycia\/wp-json\/wp\/v2\/comments?post=1453"}],"version-history":[{"count":112,"href":"https:\/\/www.legallyselected.com\/drzewozycia\/wp-json\/wp\/v2\/pages\/1453\/revisions"}],"predecessor-version":[{"id":22963,"href":"https:\/\/www.legallyselected.com\/drzewozycia\/wp-json\/wp\/v2\/pages\/1453\/revisions\/22963"}],"wp:attachment":[{"href":"https:\/\/www.legallyselected.com\/drzewozycia\/wp-json\/wp\/v2\/media?parent=1453"}],"curies":[{"name":"wp","href":"https:\/\/api.w.org\/{rel}","templated":true}]}}